{"id":17105,"date":"2026-03-23T08:01:27","date_gmt":"2026-03-23T08:01:27","guid":{"rendered":"https:\/\/ekolurra.eus\/email-mezua\/"},"modified":"2026-03-23T08:02:23","modified_gmt":"2026-03-23T08:02:23","slug":"email-mezua","status":"publish","type":"page","link":"https:\/\/ekolurra.eus\/es\/email-mezua\/","title":{"rendered":"EMAIL MEZUA"},"content":{"rendered":"<p><strong>AVISO LEGAL Y POL\u00cdTICA DE PRIVACIDAD\u00a0<\/strong><\/p>\n<p><strong>Protecci\u00f3n de Datos Personales<\/strong><\/p>\n<p>En virtud de la normativa de protecci\u00f3n de datos personales, les informamos que sus datos personales facilitados en esta comunicaci\u00f3n, ser\u00e1n guardados en un fichero y tratados bajo la responsabilidad del CONSEJO DE AGRICULTURA Y ALIMENTACI\u00d3N ECOL\u00d3GICA DE EUSKADI (ENEEK-Ekolurra), CIF: Q2000531-J.<\/p>\n<p>La finalidad del tratamiento, es la de gestionar los servicios ofrecidos por el Consejo. Estos datos no ser\u00e1n transmitidos a terceras personas y ser\u00e1n conservados siempre que sea imprescindible o leg\u00edtimo para la finalidad que se captaron.<\/p>\n<p>En cualquier caso, podr\u00e1 ejercitar los derechos de acceso, rectificaci\u00f3n o supresi\u00f3n, la limitaci\u00f3n del tratamiento u oponerse, as\u00ed como el derecho a la portabilidad de los datos. La solicitud podr\u00e1 presentarse en la sede del Consejo BARRIO JAUREGIBARRIA \u00a04, 1\u00aa PLANTA, 48340 AMOREBIETA-ETXANO (BIZKAIA), \u00a0o envi\u00e1ndolo a la direcci\u00f3n de correo electr\u00f3nico <a href=\"mailto:admin@ekolurra.eus\">admin@ekolurra.eus<\/a>.<\/p>\n<p>As\u00ed mismo, podr\u00e1 presentar una reclamaci\u00f3n, si as\u00ed lo considera, ante la Autoridad Vasca de Protecci\u00f3n de Datos o dirigirse al Delegado de Protecci\u00f3n de datos: <a href=\"mailto:dbo@ekolurra.eus\">dbo@ekolurra.eus<\/a><\/p>\n<p><strong>Darse de baja de la informaci\u00f3n sobre actividades de promoci\u00f3n<\/strong><\/p>\n<p>Si\u00a0usted no\u00a0 desea \u00a0recibir \u00a0m\u00e1s \u00a0informaci\u00f3n sobre las actividades de promoci\u00f3n del Consejo,\u00a0puede\u00a0 solicitar la baja escribiendo a la\u00a0 siguiente\u00a0 direcci\u00f3n\u00a0 de \u00a0correo\u00a0 electr\u00f3nico:\u00a0\u00a0<a href=\"mailto:admin@ekolurra.eus\">admin@ekolurra.eus<\/a><\/p>\n<p><strong>Aviso sobre la confidencialidad\u00a0de las\u00a0comunicaciones<\/strong><\/p>\n<p>El contenido de este correo electr\u00f3nico y de sus anexos es estrictamente confidencial. En el caso de que usted no sea el destinatario y haya recibido este mensaje por equivocaci\u00f3n, agradecer\u00edamos que lo comunicara al remitente, sin difundir, almacenar o copiar su contenido.<\/p>\n<p>&nbsp;<\/p>\n","protected":false},"excerpt":{"rendered":"<p>AVISO LEGAL Y POL\u00cdTICA DE PRIVACIDAD\u00a0 Protecci\u00f3n de Datos Personales En virtud de la normativa de protecci\u00f3n de datos personales, les informamos que sus datos personales facilitados en esta comunicaci\u00f3n, ser\u00e1n guardados en un fichero y tratados bajo la responsabilidad del CONSEJO DE AGRICULTURA Y ALIMENTACI\u00d3N ECOL\u00d3GICA DE EUSKADI (ENEEK-Ekolurra), CIF: Q2000531-J. La finalidad del tratamiento, es la de gestionar&#8230;<\/p>\n","protected":false},"author":3,"featured_media":0,"parent":0,"menu_order":0,"comment_status":"closed","ping_status":"closed","template":"","meta":{"footnotes":""},"class_list":["post-17105","page","type-page","status-publish"],"yoast_head":"<!-- This site is optimized with the Yoast SEO plugin v27.4 - https:\/\/yoast.com\/product\/yoast-seo-wordpress\/ -->\n<title>EMAIL MEZUA - ekolurra<\/title>\n<meta name=\"robots\" content=\"index, follow, max-snippet:-1, max-image-preview:large, max-video-preview:-1\" \/>\n<link rel=\"canonical\" href=\"https:\/\/ekolurra.eus\/es\/email-mezua\/\" \/>\n<meta property=\"og:locale\" content=\"es_ES\" \/>\n<meta property=\"og:type\" content=\"article\" \/>\n<meta property=\"og:title\" content=\"EMAIL MEZUA - ekolurra\" \/>\n<meta property=\"og:description\" content=\"AVISO LEGAL Y POL\u00cdTICA DE PRIVACIDAD\u00a0 Protecci\u00f3n de Datos Personales En virtud de la normativa de protecci\u00f3n de datos personales, les informamos que sus datos personales facilitados en esta comunicaci\u00f3n, ser\u00e1n guardados en un fichero y tratados bajo la responsabilidad del CONSEJO DE AGRICULTURA Y ALIMENTACI\u00d3N ECOL\u00d3GICA DE EUSKADI (ENEEK-Ekolurra), CIF: Q2000531-J. La finalidad del tratamiento, es la de gestionar...\" \/>\n<meta property=\"og:url\" content=\"https:\/\/ekolurra.eus\/es\/email-mezua\/\" \/>\n<meta property=\"og:site_name\" content=\"ekolurra\" \/>\n<meta property=\"article:modified_time\" content=\"2026-03-23T08:02:23+00:00\" \/>\n<meta name=\"twitter:card\" content=\"summary_large_image\" \/>\n<meta name=\"twitter:label1\" content=\"Tiempo de lectura\" \/>\n\t<meta name=\"twitter:data1\" content=\"2 minutos\" \/>\n<script type=\"application\/ld+json\" class=\"yoast-schema-graph\">{\"@context\":\"https:\\\/\\\/schema.org\",\"@graph\":[{\"@type\":\"WebPage\",\"@id\":\"https:\\\/\\\/ekolurra.eus\\\/es\\\/email-mezua\\\/\",\"url\":\"https:\\\/\\\/ekolurra.eus\\\/es\\\/email-mezua\\\/\",\"name\":\"EMAIL MEZUA - ekolurra\",\"isPartOf\":{\"@id\":\"https:\\\/\\\/ekolurra.eus\\\/#website\"},\"datePublished\":\"2026-03-23T08:01:27+00:00\",\"dateModified\":\"2026-03-23T08:02:23+00:00\",\"breadcrumb\":{\"@id\":\"https:\\\/\\\/ekolurra.eus\\\/es\\\/email-mezua\\\/#breadcrumb\"},\"inLanguage\":\"es\",\"potentialAction\":[{\"@type\":\"ReadAction\",\"target\":[\"https:\\\/\\\/ekolurra.eus\\\/es\\\/email-mezua\\\/\"]}]},{\"@type\":\"BreadcrumbList\",\"@id\":\"https:\\\/\\\/ekolurra.eus\\\/es\\\/email-mezua\\\/#breadcrumb\",\"itemListElement\":[{\"@type\":\"ListItem\",\"position\":1,\"name\":\"Home\",\"item\":\"https:\\\/\\\/ekolurra.eus\\\/es\\\/\"},{\"@type\":\"ListItem\",\"position\":2,\"name\":\"EMAIL MEZUA\"}]},{\"@type\":\"WebSite\",\"@id\":\"https:\\\/\\\/ekolurra.eus\\\/#website\",\"url\":\"https:\\\/\\\/ekolurra.eus\\\/\",\"name\":\"ekolurra\",\"description\":\"euskal herriko ekolurra\",\"potentialAction\":[{\"@type\":\"SearchAction\",\"target\":{\"@type\":\"EntryPoint\",\"urlTemplate\":\"https:\\\/\\\/ekolurra.eus\\\/?s={search_term_string}\"},\"query-input\":{\"@type\":\"PropertyValueSpecification\",\"valueRequired\":true,\"valueName\":\"search_term_string\"}}],\"inLanguage\":\"es\"}]}<\/script>\n<!-- \/ Yoast SEO plugin. -->","yoast_head_json":{"title":"EMAIL MEZUA - ekolurra","robots":{"index":"index","follow":"follow","max-snippet":"max-snippet:-1","max-image-preview":"max-image-preview:large","max-video-preview":"max-video-preview:-1"},"canonical":"https:\/\/ekolurra.eus\/es\/email-mezua\/","og_locale":"es_ES","og_type":"article","og_title":"EMAIL MEZUA - ekolurra","og_description":"AVISO LEGAL Y POL\u00cdTICA DE PRIVACIDAD\u00a0 Protecci\u00f3n de Datos Personales En virtud de la normativa de protecci\u00f3n de datos personales, les informamos que sus datos personales facilitados en esta comunicaci\u00f3n, ser\u00e1n guardados en un fichero y tratados bajo la responsabilidad del CONSEJO DE AGRICULTURA Y ALIMENTACI\u00d3N ECOL\u00d3GICA DE EUSKADI (ENEEK-Ekolurra), CIF: Q2000531-J. La finalidad del tratamiento, es la de gestionar...","og_url":"https:\/\/ekolurra.eus\/es\/email-mezua\/","og_site_name":"ekolurra","article_modified_time":"2026-03-23T08:02:23+00:00","twitter_card":"summary_large_image","twitter_misc":{"Tiempo de lectura":"2 minutos"},"schema":{"@context":"https:\/\/schema.org","@graph":[{"@type":"WebPage","@id":"https:\/\/ekolurra.eus\/es\/email-mezua\/","url":"https:\/\/ekolurra.eus\/es\/email-mezua\/","name":"EMAIL MEZUA - ekolurra","isPartOf":{"@id":"https:\/\/ekolurra.eus\/#website"},"datePublished":"2026-03-23T08:01:27+00:00","dateModified":"2026-03-23T08:02:23+00:00","breadcrumb":{"@id":"https:\/\/ekolurra.eus\/es\/email-mezua\/#breadcrumb"},"inLanguage":"es","potentialAction":[{"@type":"ReadAction","target":["https:\/\/ekolurra.eus\/es\/email-mezua\/"]}]},{"@type":"BreadcrumbList","@id":"https:\/\/ekolurra.eus\/es\/email-mezua\/#breadcrumb","itemListElement":[{"@type":"ListItem","position":1,"name":"Home","item":"https:\/\/ekolurra.eus\/es\/"},{"@type":"ListItem","position":2,"name":"EMAIL MEZUA"}]},{"@type":"WebSite","@id":"https:\/\/ekolurra.eus\/#website","url":"https:\/\/ekolurra.eus\/","name":"ekolurra","description":"euskal herriko ekolurra","potentialAction":[{"@type":"SearchAction","target":{"@type":"EntryPoint","urlTemplate":"https:\/\/ekolurra.eus\/?s={search_term_string}"},"query-input":{"@type":"PropertyValueSpecification","valueRequired":true,"valueName":"search_term_string"}}],"inLanguage":"es"}]}},"_links":{"self":[{"href":"https:\/\/ekolurra.eus\/es\/wp-json\/wp\/v2\/pages\/17105","targetHints":{"allow":["GET"]}}],"collection":[{"href":"https:\/\/ekolurra.eus\/es\/wp-json\/wp\/v2\/pages"}],"about":[{"href":"https:\/\/ekolurra.eus\/es\/wp-json\/wp\/v2\/types\/page"}],"author":[{"embeddable":true,"href":"https:\/\/ekolurra.eus\/es\/wp-json\/wp\/v2\/users\/3"}],"replies":[{"embeddable":true,"href":"https:\/\/ekolurra.eus\/es\/wp-json\/wp\/v2\/comments?post=17105"}],"version-history":[{"count":1,"href":"https:\/\/ekolurra.eus\/es\/wp-json\/wp\/v2\/pages\/17105\/revisions"}],"predecessor-version":[{"id":17106,"href":"https:\/\/ekolurra.eus\/es\/wp-json\/wp\/v2\/pages\/17105\/revisions\/17106"}],"wp:attachment":[{"href":"https:\/\/ekolurra.eus\/es\/wp-json\/wp\/v2\/media?parent=17105"}],"curies":[{"name":"wp","href":"https:\/\/api.w.org\/{rel}","templated":true}]}}