{"id":17088,"date":"2022-05-13T08:33:28","date_gmt":"2022-05-13T08:33:28","guid":{"rendered":"https:\/\/ekolurra.eus\/lege-oharra-eta-pribatutasun-politika\/"},"modified":"2026-03-23T07:49:40","modified_gmt":"2026-03-23T07:49:40","slug":"lege-oharra-eta-pribatutasun-politika","status":"publish","type":"page","link":"https:\/\/ekolurra.eus\/es\/lege-oharra-eta-pribatutasun-politika\/","title":{"rendered":"AVISO LEGAL Y POL\u00cdTICA DE PRIVACIDAD"},"content":{"rendered":"<h2><strong>AVISO LEGAL Y POL\u00cdTICA DE PRIVACIDAD<\/strong><\/h2>\n<p><strong>AVISO LEGAL, POLITICA DE PRIVACIDAD Y CONDICIONES DE USO<\/strong><\/p>\n<p><strong>INFORMACI\u00d3N LEGAL LSSIYCE<\/strong><\/p>\n<p>De acuerdo con las obligaciones previstas en la Ley 34\/2002 de Servicios de la Sociedad de la Informaci\u00f3n y del Comercio Electr\u00f3nico (en adelante LSSIYCE) el Consejo de Agricultura y Alimentaci\u00f3n Ecol\u00f3gica de Euskadi con CIF Q2000531J y sede en Jauregibarria auzoa 4, 1\u00aa planta, 48340 Amorebieta-Etxano (Bizkaia) y correo electr\u00f3nico\u00a0 <a href=\"mailto:admin@ekolurra.eus\">admin@ekolurra.eus<\/a> \u00a0manifiesta que son de su propiedad:<\/p>\n<p>&#8211; el dominio: \u00a0<a href=\"http:\/\/www.sareko.net\">www.sareko.net<\/a><\/p>\n<p>&#8211; los perfiles y p\u00e1gina en las siguientes:<\/p>\n<p>Facebook:\u00a0 <a href=\"https:\/\/www.facebook.com\/ekolurra\/\">https:\/\/www.facebook.com\/ekolurra\/<\/a><\/p>\n<p>Twitter:\u00a0 <a href=\"https:\/\/twitter.com\/ekolurra\">https:\/\/twitter.com\/ekolurra<\/a><\/p>\n<p>Instagram:\u00a0 <a href=\"https:\/\/www.instagram.com\/ekolurra\/\">https:\/\/www.instagram.com\/ekolurra\/<\/a><\/p>\n<p>Youtube:\u00a0 <a href=\"https:\/\/www.youtube.com\/ekolurra\">https:\/\/www.youtube.com\/ekolurra<\/a><\/p>\n<p>Que el Consejo de Agricultura y Alimentaci\u00f3n Ecol\u00f3gica de Euskadi no puede asumir ninguna responsabilidad derivada del uso incorrecto o il\u00edcito de la informaci\u00f3n que aparezca en sus p\u00e1ginas web o presencia online en las diversas redes sociales. Con los l\u00edmites establecido en la ley, El Consejo de Agricultura y Alimentaci\u00f3n Ecol\u00f3gica de Euskadi no asume ninguna responsabilidad por la falta de veracidad, integridad, actualizaci\u00f3n y precisi\u00f3n de los datos o informaciones que se contienen en sus p\u00e1ginas de Internet.<\/p>\n<p>Los contenidos e informaci\u00f3n de las p\u00e1ginas de Internet y redes sociales del Consejo de Agricultura y Alimentaci\u00f3n Ecol\u00f3gica de Euskadi elaborados por profesionales debidamente cualificados para el ejercicio de su profesi\u00f3n. Sin embargo, los contenidos e informaci\u00f3n no vinculan a la susodicha, ni constituyen opiniones, consejos o asesoramiento legal de ning\u00fan tipo, pues se trata meramente de un servicio ofrecido con car\u00e1cter informativo y divulgativo.<\/p>\n<p>Las p\u00e1ginas de Internet y redes sociales del Consejo de Agricultura y Alimentaci\u00f3n Ecol\u00f3gica de Euskadi pueden contener enlaces (links) a otras p\u00e1ginas de terceras. Por lo tanto, \u00e9sta no puede asumir responsabilidades por el contenido que pueda aparecer en p\u00e1ginas de terceros.<\/p>\n<p>Los textos, im\u00e1genes, sonidos, animaciones, software y el resto de los contenidos incluidos en este website son propiedad exclusiva del Consejo de Agricultura y Alimentaci\u00f3n Ecol\u00f3gica de Euskadi o sus licenciantes.<\/p>\n<p>Cualquier acto de transmisi\u00f3n, distribuci\u00f3n, cesi\u00f3n, reproducci\u00f3n, almacenamiento o comunicaci\u00f3n p\u00fablica total o parcial, debe contar con el consentimiento expreso del Consejo de Agricultura y Alimentaci\u00f3n Ecol\u00f3gica de Euskadi. Cualquier acto de transmisi\u00f3n, distribuci\u00f3n, cesi\u00f3n, reproducci\u00f3n o comunicaci\u00f3n p\u00fablica total o parcial, ha de contar con el consentimiento expreso del Consejo de Agricultura y Alimentaci\u00f3n Ecol\u00f3gica de Euskadi.<\/p>\n<p>De la misma manera, se reserva el derecho a retirar el acceso al portal sin necesidad de previo aviso a cualquier usuario que contravenga lo dispuesto en el presente aviso legal.<\/p>\n<p><strong>REDES SOCIALES<\/strong><\/p>\n<p>El usuario deber\u00e1 disponer de su perfil en las redes sociales para poder interactuar con el Consejo de Agricultura y Alimentaci\u00f3n Ecol\u00f3gica de Euskadi y que acepte la relaci\u00f3n con nuestra red social. Si as\u00ed se ejecuta, el Consejo de Agricultura y Alimentaci\u00f3n Ecol\u00f3gica de Euskadi tendr\u00e1 acceso al perfil del usuario de acuerdo con los par\u00e1metros estipulados por la propia red social y podr\u00e1 interactuar con \u00e9l mediante el env\u00edo de mensajes, publicaciones, participaci\u00f3n en concursos y sorteos. Si el usuario no desea que el Consejo de Agricultura y Alimentaci\u00f3n Ecol\u00f3gica de Euskadi pueda acceder a su perfil o interrelacionarse con \u00e9l ser\u00e1 necesario que se desvincule del perfil dejando de seguir o eliminar como amistad, seguidor o usuario.<\/p>\n<p>Las actuaciones que realice el Consejo de Agricultura y Alimentaci\u00f3n Ecol\u00f3gica de Euskadi podr\u00e1n tener car\u00e1cter informativo y\/o publicitario de sus servicios o productos, considerando que la red social es un medio publicitario, bajo la responsabilidad del Consejo de Agricultura y Alimentaci\u00f3n Ecol\u00f3gica de Euskadi en cuanto a las publicaciones y comunicaciones que se realicen por estos medios online.<\/p>\n<p>La participaci\u00f3n de los usuarios en concursos, promociones o sorteos implicar\u00e1 que el usuario acepta las bases legales de este concurso, promoci\u00f3n o sorteo que ser\u00e1n publicados en la red social de referencia en el momento oportuno y con su participaci\u00f3n implicar\u00e1 que el usuario ha aceptado las mismas.<\/p>\n<p>Se recuerda a los usuarios que las publicaciones que realicen en las redes sociales estar\u00e1n bajo su responsabilidad y ser\u00e1 necesario que respeten la legislaci\u00f3n y los derechos de terceros que puedan afectar con especial relevancia a los derechos de propiedad intelectual, de protecci\u00f3n de datos y de la propia imagen de terceros, as\u00ed como las normas de las propias redes sociales que consten en los siguientes enlaces:<\/p>\n<p>Facebook:\u00a0 <a href=\"https:\/\/www.facebook.com\/legal\/terms\">https:\/\/www.facebook.com\/legal\/terms<\/a><\/p>\n<p>Twitter:\u00a0 <a href=\"https:\/\/twitter.com\/es\/tos\">https:\/\/twitter.com\/es\/tos<\/a><\/p>\n<p>Instagram:\u00a0 <a href=\"https:\/\/help.instagram.com\">https:\/\/help.instagram.com<\/a><\/p>\n<p>Youtube: <a href=\"https:\/\/policies.google.com\/privacy?hl=es\">https:\/\/policies.google.com\/privacy?hl=es<\/a><\/p>\n<p><strong>PROTECCI\u00d3N DE DATOS PERSONALES<\/strong><\/p>\n<p>En virtud de la normativa de protecci\u00f3n de datos de car\u00e1cter personal, por la presente se informa a que los datos personales facilitados ser\u00e1n tratados bajo la responsabilidad del Consejo de Agricultura y Alimentaci\u00f3n Ecol\u00f3gica de Euskadi y domicilio en Jauregibarria auzoa 4, 1\u00aa planta, 48340 Amorebieta-Etxano (Bizkaia):<\/p>\n<ul>\n<li>Formulario de contacto: Sus datos ser\u00e1n tratados con la finalidad de atender su petici\u00f3n, siendo esta la causa que legitima el tratamiento. Estos ser\u00e1n conservados hasta que se resuelva la solicitud y no se transmitir\u00e1n a terceros.<\/li>\n<li>Si son tratados en nuestras redes sociales, de acuerdo con lo detallado anteriormente, estas ser\u00e1n tratados con la finalidad de gestionar aquella informaci\u00f3n y datos obtenidos de la interactuaci\u00f3n de los usuarios de las redes sociales con estos perfiles\/ p\u00e1gina. Estos datos son tratados de acuerdo con el inter\u00e9s leg\u00edtimo de esta empresa y ser\u00e1n conservados siempre que se mantenga el inter\u00e9s leg\u00edtimo que permiti\u00f3 su tratamiento.<\/li>\n<\/ul>\n<p>&nbsp;<\/p>\n<p>En cualquier caso, podr\u00e1 indicar la revocaci\u00f3n del consentimiento dado, si \u00e9sta fue la base que legitim\u00f3 el tratamiento o ejercitar los derechos previstos:<\/p>\n<ul>\n<li><u>De acceso:<\/u> el interesado tiene derecho a saber si el responsable trata datos personales suyos y, si es as\u00ed, tiene derecho a acceder a estos datos, as\u00ed como a obtener informaci\u00f3n al respecto de los tratamientos realizados.<\/li>\n<li><u>Rectificaci\u00f3n:<\/u> Est\u00e1 vinculado al car\u00e1cter de inexactitud o incompleto de los datos. El interesado tiene derecho a rectificar sus datos personales inexactos y que se completen sus datos personales incompletos.<\/li>\n<li><u>Supresi\u00f3n<\/u>: El interesado tiene derecho a obtener la supresi\u00f3n de sus datos personales (\u00abderecho al olvido\u00bb), cuando estos ya no son necesarios para la finalidad para la cual se recogieron, se revoca el consentimiento en el cual se basaba el tratamiento, el interesado se opone al tratamiento, los datos se han tratado il\u00edcitamente, se tienen que suprimir para cumplir una obligaci\u00f3n legal o se han obtenido en relaci\u00f3n con la oferta de servicios de la sociedad de la informaci\u00f3n dirigida a menores.<\/li>\n<li><u>Limitaci\u00f3n del tratamiento<\/u>: es un derecho de la persona interesada consistente en marcar sus datos de car\u00e1cter personal conservados con la finalidad de limitar el tratamiento en el futuro. La limitaci\u00f3n del tratamiento supone que, a petici\u00f3n de la persona interesada, sus datos personales indicados se dejen de tratar.<\/li>\n<li><u>Oposici\u00f3n<\/u>: el interesado tiene derecho a oponerse al tratamiento de sus datos cuando se base en algunos supuestos concretos y se invoque un motivo relacionado con su situaci\u00f3n personal.<\/li>\n<li><u>Portabilidad de los datos:<\/u> el interesado tiene derecho a recibir sus datos personales facilitados al responsable del tratamiento en un formato estructurado, de uso com\u00fan y de lectura mec\u00e1nica, si se basa en el consentimiento o en un contrato o cuando el tratamiento se realiza por medios automatizados.<\/li>\n<li><u>A no ser objeto de decisiones individuales automatizadas:<\/u> el interesado tiene derecho a no ser objeto de una decisi\u00f3n basada en el tratamiento automatizado de sus datos, incluida la elaboraci\u00f3n de perfiles que produzca efectos jur\u00eddicos en \u00e9l o que le afecte negativamente.<\/li>\n<\/ul>\n<p>Estas peticiones se deber\u00e1n realizar en Jauregibarria auzoa 4, 1\u00aa planta, 48340 Amorebieta-Etxano (Bizkaia) o en <a href=\"mailto:admin@ekolurra.eus\">admin@ekolurra.eus<\/a>.<\/p>\n<p>Asimismo, tambi\u00e9n podr\u00e1 presentar una reclamaci\u00f3n ante la Agencia Vasca de Protecci\u00f3n de Datos, o ponerse en contacto con nuestro Delegado de Protecci\u00f3n de Datos en <a href=\"mailto:dbo@ekolurra.eus\">dbo@ekolurra.eus<\/a> .<\/p>\n<p>&nbsp;<\/p>\n<p><strong>PROPIEDAD INDUSTRIAL E INTELECTUAL<\/strong><\/p>\n<p>Esta web es propiedad del Consejo de Agricultura y Alimentaci\u00f3n Ecol\u00f3gica de Euskadi. Los derechos de Propiedad intelectual y derechos de explotaci\u00f3n y reproducci\u00f3n de esta web, sus p\u00e1ginas, su presencia en redes sociales, pantallas, la informaci\u00f3n que contienen, su apariencia, su dise\u00f1o, as\u00ed como los enlaces (hiperv\u00ednculos) establecidos desde ella a otras p\u00e1ginas web de cualquier centro adscrito u organismo dependiente, son propiedad exclusiva de esta a no ser que expresamente se establezca otra cosa.<\/p>\n<p>Todas las denominaciones, dise\u00f1os y\/o logotipos, as\u00ed como cualquier producto o servicios ofrecidos y reflectados en este sitio web, son marcas comerciales debidamente registradas por el Consejo de Agricultura y Alimentaci\u00f3n Ecol\u00f3gica de Euskadi, por sus subsidiarias y\/o denominadas por terceros.<\/p>\n<p>Cualquier uso indebido del mismo por personas diferentes de su leg\u00edtimo titular y sin el consentimiento expreso e inequ\u00edvoco por parte de este podr\u00e1 ser denunciado y perseguido a trav\u00e9s de todos los medios legales existentes en el ordenamiento jur\u00eddico espa\u00f1ol y\/o comunitario.<\/p>\n<p>Los derechos de propiedad intelectual y marcas comerciales de terceros se destacan convenientemente y han de ser respetados por todo aquel que acceda a esta p\u00e1gina, no siendo responsabilidad del Consejo de Agricultura y Alimentaci\u00f3n Ecol\u00f3gica de Euskadi el uso que el usuario pueda llevar a cabo referente a este respeto, siendo la \u00fanica responsabilidad sobre su persona.<\/p>\n<p>\u00danicamente para uso personal y privado se permite descargar los contenidos, copiar o imprimir cualquier p\u00e1gina de esta web y redes sociales. Queda prohibido reproducir, transmitir, modificar o eliminar la informaci\u00f3n contenido o advertencias de este sitio web sin la autorizaci\u00f3n previa por escrito del Consejo de Agricultura y Alimentaci\u00f3n Ecol\u00f3gica de Euskadi.<\/p>\n<p>El Consejo de Agricultura y Alimentaci\u00f3n Ecol\u00f3gica de Euskadi no transfiere a los usuarios la propiedad de su software. El usuario es el propietario del medio en el que se graba el software. El Consejo de Agricultura y Alimentaci\u00f3n Ecol\u00f3gica de Euskadi posee todos los derechos de propiedad industrial e intelectual, incluyendo el software. Si el usuario transfiere software de este sitio web a su terminal, no podr\u00e1 diseccionar por su estudio y descompilar, traducir la versi\u00f3n del c\u00f3digo objeto original o su idioma u otro c\u00f3digo o idioma.<\/p>\n<p><strong>LEY APLICABLE Y JURISDICCI\u00d3N<\/strong><\/p>\n<p>Las presentes condiciones generales se rigen por la Legislaci\u00f3n espa\u00f1ola, siendo competentes los Juzgados y Tribunales espa\u00f1oles para conocer de cuantas cuestiones se susciten sobre la interpretaci\u00f3n, aplicaci\u00f3n y cumplimiento de las mismas. El usuario, por virtud de su aceptaci\u00f3n a las condiciones generales recogidas en este aviso legal y siempre que esta sumisi\u00f3n sea posible, renuncia expresamente a cualquier fuero que, por aplicaci\u00f3n de la Ley de Enjuiciamiento Civil vigente pudiera corresponderle.<\/p>\n","protected":false},"excerpt":{"rendered":"<p>AVISO LEGAL Y POL\u00cdTICA DE PRIVACIDAD AVISO LEGAL, POLITICA DE PRIVACIDAD Y CONDICIONES DE USO INFORMACI\u00d3N LEGAL LSSIYCE De acuerdo con las obligaciones previstas en la Ley 34\/2002 de Servicios de la Sociedad de la Informaci\u00f3n y del Comercio Electr\u00f3nico (en adelante LSSIYCE) el Consejo de Agricultura y Alimentaci\u00f3n Ecol\u00f3gica de Euskadi con CIF Q2000531J y sede en Jauregibarria auzoa&#8230;<\/p>\n","protected":false},"author":1,"featured_media":0,"parent":0,"menu_order":0,"comment_status":"closed","ping_status":"closed","template":"","meta":{"footnotes":""},"class_list":["post-17088","page","type-page","status-publish"],"yoast_head":"<!-- This site is optimized with the Yoast SEO plugin v27.4 - https:\/\/yoast.com\/product\/yoast-seo-wordpress\/ -->\n<title>AVISO LEGAL Y POL\u00cdTICA DE PRIVACIDAD - ekolurra<\/title>\n<meta name=\"robots\" content=\"index, follow, max-snippet:-1, max-image-preview:large, max-video-preview:-1\" \/>\n<link rel=\"canonical\" href=\"https:\/\/ekolurra.eus\/es\/lege-oharra-eta-pribatutasun-politika\/\" \/>\n<meta property=\"og:locale\" content=\"es_ES\" \/>\n<meta property=\"og:type\" content=\"article\" \/>\n<meta property=\"og:title\" content=\"AVISO LEGAL Y POL\u00cdTICA DE PRIVACIDAD - ekolurra\" \/>\n<meta property=\"og:description\" content=\"AVISO LEGAL Y POL\u00cdTICA DE PRIVACIDAD AVISO LEGAL, POLITICA DE PRIVACIDAD Y CONDICIONES DE USO INFORMACI\u00d3N LEGAL LSSIYCE De acuerdo con las obligaciones previstas en la Ley 34\/2002 de Servicios de la Sociedad de la Informaci\u00f3n y del Comercio Electr\u00f3nico (en adelante LSSIYCE) el Consejo de Agricultura y Alimentaci\u00f3n Ecol\u00f3gica de Euskadi con CIF Q2000531J y sede en Jauregibarria auzoa...\" \/>\n<meta property=\"og:url\" content=\"https:\/\/ekolurra.eus\/es\/lege-oharra-eta-pribatutasun-politika\/\" \/>\n<meta property=\"og:site_name\" content=\"ekolurra\" \/>\n<meta property=\"article:modified_time\" content=\"2026-03-23T07:49:40+00:00\" \/>\n<meta name=\"twitter:card\" content=\"summary_large_image\" \/>\n<meta name=\"twitter:label1\" content=\"Tiempo de lectura\" \/>\n\t<meta name=\"twitter:data1\" content=\"10 minutos\" \/>\n<script type=\"application\/ld+json\" class=\"yoast-schema-graph\">{\"@context\":\"https:\\\/\\\/schema.org\",\"@graph\":[{\"@type\":\"WebPage\",\"@id\":\"https:\\\/\\\/ekolurra.eus\\\/es\\\/lege-oharra-eta-pribatutasun-politika\\\/\",\"url\":\"https:\\\/\\\/ekolurra.eus\\\/es\\\/lege-oharra-eta-pribatutasun-politika\\\/\",\"name\":\"AVISO LEGAL Y POL\u00cdTICA DE PRIVACIDAD - ekolurra\",\"isPartOf\":{\"@id\":\"https:\\\/\\\/ekolurra.eus\\\/#website\"},\"datePublished\":\"2022-05-13T08:33:28+00:00\",\"dateModified\":\"2026-03-23T07:49:40+00:00\",\"breadcrumb\":{\"@id\":\"https:\\\/\\\/ekolurra.eus\\\/es\\\/lege-oharra-eta-pribatutasun-politika\\\/#breadcrumb\"},\"inLanguage\":\"es\",\"potentialAction\":[{\"@type\":\"ReadAction\",\"target\":[\"https:\\\/\\\/ekolurra.eus\\\/es\\\/lege-oharra-eta-pribatutasun-politika\\\/\"]}]},{\"@type\":\"BreadcrumbList\",\"@id\":\"https:\\\/\\\/ekolurra.eus\\\/es\\\/lege-oharra-eta-pribatutasun-politika\\\/#breadcrumb\",\"itemListElement\":[{\"@type\":\"ListItem\",\"position\":1,\"name\":\"Home\",\"item\":\"https:\\\/\\\/ekolurra.eus\\\/es\\\/\"},{\"@type\":\"ListItem\",\"position\":2,\"name\":\"AVISO LEGAL Y POL\u00cdTICA DE PRIVACIDAD\"}]},{\"@type\":\"WebSite\",\"@id\":\"https:\\\/\\\/ekolurra.eus\\\/#website\",\"url\":\"https:\\\/\\\/ekolurra.eus\\\/\",\"name\":\"ekolurra\",\"description\":\"euskal herriko ekolurra\",\"potentialAction\":[{\"@type\":\"SearchAction\",\"target\":{\"@type\":\"EntryPoint\",\"urlTemplate\":\"https:\\\/\\\/ekolurra.eus\\\/?s={search_term_string}\"},\"query-input\":{\"@type\":\"PropertyValueSpecification\",\"valueRequired\":true,\"valueName\":\"search_term_string\"}}],\"inLanguage\":\"es\"}]}<\/script>\n<!-- \/ Yoast SEO plugin. -->","yoast_head_json":{"title":"AVISO LEGAL Y POL\u00cdTICA DE PRIVACIDAD - ekolurra","robots":{"index":"index","follow":"follow","max-snippet":"max-snippet:-1","max-image-preview":"max-image-preview:large","max-video-preview":"max-video-preview:-1"},"canonical":"https:\/\/ekolurra.eus\/es\/lege-oharra-eta-pribatutasun-politika\/","og_locale":"es_ES","og_type":"article","og_title":"AVISO LEGAL Y POL\u00cdTICA DE PRIVACIDAD - ekolurra","og_description":"AVISO LEGAL Y POL\u00cdTICA DE PRIVACIDAD AVISO LEGAL, POLITICA DE PRIVACIDAD Y CONDICIONES DE USO INFORMACI\u00d3N LEGAL LSSIYCE De acuerdo con las obligaciones previstas en la Ley 34\/2002 de Servicios de la Sociedad de la Informaci\u00f3n y del Comercio Electr\u00f3nico (en adelante LSSIYCE) el Consejo de Agricultura y Alimentaci\u00f3n Ecol\u00f3gica de Euskadi con CIF Q2000531J y sede en Jauregibarria auzoa...","og_url":"https:\/\/ekolurra.eus\/es\/lege-oharra-eta-pribatutasun-politika\/","og_site_name":"ekolurra","article_modified_time":"2026-03-23T07:49:40+00:00","twitter_card":"summary_large_image","twitter_misc":{"Tiempo de lectura":"10 minutos"},"schema":{"@context":"https:\/\/schema.org","@graph":[{"@type":"WebPage","@id":"https:\/\/ekolurra.eus\/es\/lege-oharra-eta-pribatutasun-politika\/","url":"https:\/\/ekolurra.eus\/es\/lege-oharra-eta-pribatutasun-politika\/","name":"AVISO LEGAL Y POL\u00cdTICA DE PRIVACIDAD - ekolurra","isPartOf":{"@id":"https:\/\/ekolurra.eus\/#website"},"datePublished":"2022-05-13T08:33:28+00:00","dateModified":"2026-03-23T07:49:40+00:00","breadcrumb":{"@id":"https:\/\/ekolurra.eus\/es\/lege-oharra-eta-pribatutasun-politika\/#breadcrumb"},"inLanguage":"es","potentialAction":[{"@type":"ReadAction","target":["https:\/\/ekolurra.eus\/es\/lege-oharra-eta-pribatutasun-politika\/"]}]},{"@type":"BreadcrumbList","@id":"https:\/\/ekolurra.eus\/es\/lege-oharra-eta-pribatutasun-politika\/#breadcrumb","itemListElement":[{"@type":"ListItem","position":1,"name":"Home","item":"https:\/\/ekolurra.eus\/es\/"},{"@type":"ListItem","position":2,"name":"AVISO LEGAL Y POL\u00cdTICA DE PRIVACIDAD"}]},{"@type":"WebSite","@id":"https:\/\/ekolurra.eus\/#website","url":"https:\/\/ekolurra.eus\/","name":"ekolurra","description":"euskal herriko ekolurra","potentialAction":[{"@type":"SearchAction","target":{"@type":"EntryPoint","urlTemplate":"https:\/\/ekolurra.eus\/?s={search_term_string}"},"query-input":{"@type":"PropertyValueSpecification","valueRequired":true,"valueName":"search_term_string"}}],"inLanguage":"es"}]}},"_links":{"self":[{"href":"https:\/\/ekolurra.eus\/es\/wp-json\/wp\/v2\/pages\/17088","targetHints":{"allow":["GET"]}}],"collection":[{"href":"https:\/\/ekolurra.eus\/es\/wp-json\/wp\/v2\/pages"}],"about":[{"href":"https:\/\/ekolurra.eus\/es\/wp-json\/wp\/v2\/types\/page"}],"author":[{"embeddable":true,"href":"https:\/\/ekolurra.eus\/es\/wp-json\/wp\/v2\/users\/1"}],"replies":[{"embeddable":true,"href":"https:\/\/ekolurra.eus\/es\/wp-json\/wp\/v2\/comments?post=17088"}],"version-history":[{"count":4,"href":"https:\/\/ekolurra.eus\/es\/wp-json\/wp\/v2\/pages\/17088\/revisions"}],"predecessor-version":[{"id":17093,"href":"https:\/\/ekolurra.eus\/es\/wp-json\/wp\/v2\/pages\/17088\/revisions\/17093"}],"wp:attachment":[{"href":"https:\/\/ekolurra.eus\/es\/wp-json\/wp\/v2\/media?parent=17088"}],"curies":[{"name":"wp","href":"https:\/\/api.w.org\/{rel}","templated":true}]}}