{"id":16505,"date":"2025-04-11T10:15:03","date_gmt":"2025-04-11T10:15:03","guid":{"rendered":"https:\/\/ekolurra.eus\/lege-oharra-eta-pribatutasun-politika-aviso-legal-y-politica-de-privacidad\/"},"modified":"2025-10-16T08:39:06","modified_gmt":"2025-10-16T08:39:06","slug":"aviso-legal-y-politica-de-privacidad","status":"publish","type":"page","link":"https:\/\/ekolurra.eus\/es\/aviso-legal-y-politica-de-privacidad\/","title":{"rendered":"AVISO LEGAL Y POL\u00cdTICA DE PRIVACIDAD\u00a0"},"content":{"rendered":"<p>&nbsp;<\/p>\n<h1 style=\"font-weight: 400;\"><strong>AVISO LEGAL Y POL\u00cdTICA DE PRIVACIDAD\u00a0<\/strong><\/h1>\n<p style=\"font-weight: 400;\"><strong>Protecci\u00f3n de Datos Personales<\/strong><\/p>\n<p style=\"font-weight: 400;\">En virtud de la\u00a0 normativa de\u00a0 Protecci\u00f3n de Datos Personales, por la presente autoriza que los datos personales facilitados ser\u00e1n tratados bajo responsabilidad del\u00a0 CONSEJO DE AGRICULTURA Y ALIMENTACION ECOLOGICA DE EUSKADI, con\u00a0 CIF Q2000531J,\u00a0y sede social en barrrio Jauregibarria 4, 1\u00aa planta, 48340, de Amorebieta-Etxano (Bizkaia).<\/p>\n<p style=\"font-weight: 400;\">La finalidad del tratamiento es la de gestionar los servicios ofrecidos por el Consejo,\u00a0siendo su consentimiento la base que leg\u00edtima este tratamiento.\u00a0Estos datos no ser\u00e1n transmitidos a terceros salvo obligaci\u00f3n legal y seran conservados siempre que sea legitimo y\/o imprescindible para la finalidad que se captaron.<\/p>\n<p style=\"font-weight: 400;\">En cualquier caso,\u00a0podr\u00e1 revocar el consentimiento y ejercer los derechos de acceso, rectificaci\u00f3n, limitaci\u00f3n, supresi\u00f3n, oposici\u00f3n o portabilidad, dirigi\u00e9ndose por escrito a barrio Jauregibarria 4, 1\u00aa planta, 48340, de Amorebieta-Etxano (Bizkaia) o por correo electr\u00f3nico \u00a0a\u00a0<a href=\"mailto:admin@ekolurra.eus\">admin@ekolurra.eus<\/a>\u00a0.<\/p>\n<p>As\u00ed mismo, podr\u00e1 presentar una reclamaci\u00f3n, si as\u00ed lo considera, ante la Autoridad Vasca de Protecci\u00f3n de Datos o dirigirse al Delegado de Protecci\u00f3n de datos:\u00a0<a href=\"mailto:dbo@ekolurra.eus\">dbo@ekolurra.eus<\/a><\/p>\n","protected":false},"excerpt":{"rendered":"<p>&nbsp; AVISO LEGAL Y POL\u00cdTICA DE PRIVACIDAD\u00a0 Protecci\u00f3n de Datos Personales En virtud de la\u00a0 normativa de\u00a0 Protecci\u00f3n de Datos Personales, por la presente autoriza que los datos personales facilitados ser\u00e1n tratados bajo responsabilidad del\u00a0 CONSEJO DE AGRICULTURA Y ALIMENTACION ECOLOGICA DE EUSKADI, con\u00a0 CIF Q2000531J,\u00a0y sede social en barrrio Jauregibarria 4, 1\u00aa planta, 48340, de Amorebieta-Etxano (Bizkaia). La finalidad&#8230;<\/p>\n","protected":false},"author":3,"featured_media":0,"parent":0,"menu_order":0,"comment_status":"closed","ping_status":"closed","template":"","meta":{"footnotes":""},"class_list":["post-16505","page","type-page","status-publish"],"yoast_head":"<!-- This site is optimized with the Yoast SEO plugin v27.4 - https:\/\/yoast.com\/product\/yoast-seo-wordpress\/ -->\n<title>AVISO LEGAL Y POL\u00cdTICA DE PRIVACIDAD\u00a0 - ekolurra<\/title>\n<meta name=\"robots\" content=\"index, follow, max-snippet:-1, max-image-preview:large, max-video-preview:-1\" \/>\n<link rel=\"canonical\" href=\"https:\/\/ekolurra.eus\/es\/aviso-legal-y-politica-de-privacidad\/\" \/>\n<meta property=\"og:locale\" content=\"es_ES\" \/>\n<meta property=\"og:type\" content=\"article\" \/>\n<meta property=\"og:title\" content=\"AVISO LEGAL Y POL\u00cdTICA DE PRIVACIDAD\u00a0 - ekolurra\" \/>\n<meta property=\"og:description\" content=\"&nbsp; AVISO LEGAL Y POL\u00cdTICA DE PRIVACIDAD\u00a0 Protecci\u00f3n de Datos Personales En virtud de la\u00a0 normativa de\u00a0 Protecci\u00f3n de Datos Personales, por la presente autoriza que los datos personales facilitados ser\u00e1n tratados bajo responsabilidad del\u00a0 CONSEJO DE AGRICULTURA Y ALIMENTACION ECOLOGICA DE EUSKADI, con\u00a0 CIF Q2000531J,\u00a0y sede social en barrrio Jauregibarria 4, 1\u00aa planta, 48340, de Amorebieta-Etxano (Bizkaia). La finalidad...\" \/>\n<meta property=\"og:url\" content=\"https:\/\/ekolurra.eus\/es\/aviso-legal-y-politica-de-privacidad\/\" \/>\n<meta property=\"og:site_name\" content=\"ekolurra\" \/>\n<meta property=\"article:modified_time\" content=\"2025-10-16T08:39:06+00:00\" \/>\n<meta name=\"twitter:card\" content=\"summary_large_image\" \/>\n<meta name=\"twitter:label1\" content=\"Tiempo de lectura\" \/>\n\t<meta name=\"twitter:data1\" content=\"1 minuto\" \/>\n<script type=\"application\/ld+json\" class=\"yoast-schema-graph\">{\"@context\":\"https:\\\/\\\/schema.org\",\"@graph\":[{\"@type\":\"WebPage\",\"@id\":\"https:\\\/\\\/ekolurra.eus\\\/es\\\/aviso-legal-y-politica-de-privacidad\\\/\",\"url\":\"https:\\\/\\\/ekolurra.eus\\\/es\\\/aviso-legal-y-politica-de-privacidad\\\/\",\"name\":\"AVISO LEGAL Y POL\u00cdTICA DE PRIVACIDAD\u00a0 - ekolurra\",\"isPartOf\":{\"@id\":\"https:\\\/\\\/ekolurra.eus\\\/#website\"},\"datePublished\":\"2025-04-11T10:15:03+00:00\",\"dateModified\":\"2025-10-16T08:39:06+00:00\",\"breadcrumb\":{\"@id\":\"https:\\\/\\\/ekolurra.eus\\\/es\\\/aviso-legal-y-politica-de-privacidad\\\/#breadcrumb\"},\"inLanguage\":\"es\",\"potentialAction\":[{\"@type\":\"ReadAction\",\"target\":[\"https:\\\/\\\/ekolurra.eus\\\/es\\\/aviso-legal-y-politica-de-privacidad\\\/\"]}]},{\"@type\":\"BreadcrumbList\",\"@id\":\"https:\\\/\\\/ekolurra.eus\\\/es\\\/aviso-legal-y-politica-de-privacidad\\\/#breadcrumb\",\"itemListElement\":[{\"@type\":\"ListItem\",\"position\":1,\"name\":\"Home\",\"item\":\"https:\\\/\\\/ekolurra.eus\\\/es\\\/\"},{\"@type\":\"ListItem\",\"position\":2,\"name\":\"AVISO LEGAL Y POL\u00cdTICA DE PRIVACIDAD\u00a0\"}]},{\"@type\":\"WebSite\",\"@id\":\"https:\\\/\\\/ekolurra.eus\\\/#website\",\"url\":\"https:\\\/\\\/ekolurra.eus\\\/\",\"name\":\"ekolurra\",\"description\":\"euskal herriko ekolurra\",\"potentialAction\":[{\"@type\":\"SearchAction\",\"target\":{\"@type\":\"EntryPoint\",\"urlTemplate\":\"https:\\\/\\\/ekolurra.eus\\\/?s={search_term_string}\"},\"query-input\":{\"@type\":\"PropertyValueSpecification\",\"valueRequired\":true,\"valueName\":\"search_term_string\"}}],\"inLanguage\":\"es\"}]}<\/script>\n<!-- \/ Yoast SEO plugin. -->","yoast_head_json":{"title":"AVISO LEGAL Y POL\u00cdTICA DE PRIVACIDAD\u00a0 - ekolurra","robots":{"index":"index","follow":"follow","max-snippet":"max-snippet:-1","max-image-preview":"max-image-preview:large","max-video-preview":"max-video-preview:-1"},"canonical":"https:\/\/ekolurra.eus\/es\/aviso-legal-y-politica-de-privacidad\/","og_locale":"es_ES","og_type":"article","og_title":"AVISO LEGAL Y POL\u00cdTICA DE PRIVACIDAD\u00a0 - ekolurra","og_description":"&nbsp; AVISO LEGAL Y POL\u00cdTICA DE PRIVACIDAD\u00a0 Protecci\u00f3n de Datos Personales En virtud de la\u00a0 normativa de\u00a0 Protecci\u00f3n de Datos Personales, por la presente autoriza que los datos personales facilitados ser\u00e1n tratados bajo responsabilidad del\u00a0 CONSEJO DE AGRICULTURA Y ALIMENTACION ECOLOGICA DE EUSKADI, con\u00a0 CIF Q2000531J,\u00a0y sede social en barrrio Jauregibarria 4, 1\u00aa planta, 48340, de Amorebieta-Etxano (Bizkaia). La finalidad...","og_url":"https:\/\/ekolurra.eus\/es\/aviso-legal-y-politica-de-privacidad\/","og_site_name":"ekolurra","article_modified_time":"2025-10-16T08:39:06+00:00","twitter_card":"summary_large_image","twitter_misc":{"Tiempo de lectura":"1 minuto"},"schema":{"@context":"https:\/\/schema.org","@graph":[{"@type":"WebPage","@id":"https:\/\/ekolurra.eus\/es\/aviso-legal-y-politica-de-privacidad\/","url":"https:\/\/ekolurra.eus\/es\/aviso-legal-y-politica-de-privacidad\/","name":"AVISO LEGAL Y POL\u00cdTICA DE PRIVACIDAD\u00a0 - ekolurra","isPartOf":{"@id":"https:\/\/ekolurra.eus\/#website"},"datePublished":"2025-04-11T10:15:03+00:00","dateModified":"2025-10-16T08:39:06+00:00","breadcrumb":{"@id":"https:\/\/ekolurra.eus\/es\/aviso-legal-y-politica-de-privacidad\/#breadcrumb"},"inLanguage":"es","potentialAction":[{"@type":"ReadAction","target":["https:\/\/ekolurra.eus\/es\/aviso-legal-y-politica-de-privacidad\/"]}]},{"@type":"BreadcrumbList","@id":"https:\/\/ekolurra.eus\/es\/aviso-legal-y-politica-de-privacidad\/#breadcrumb","itemListElement":[{"@type":"ListItem","position":1,"name":"Home","item":"https:\/\/ekolurra.eus\/es\/"},{"@type":"ListItem","position":2,"name":"AVISO LEGAL Y POL\u00cdTICA DE PRIVACIDAD\u00a0"}]},{"@type":"WebSite","@id":"https:\/\/ekolurra.eus\/#website","url":"https:\/\/ekolurra.eus\/","name":"ekolurra","description":"euskal herriko ekolurra","potentialAction":[{"@type":"SearchAction","target":{"@type":"EntryPoint","urlTemplate":"https:\/\/ekolurra.eus\/?s={search_term_string}"},"query-input":{"@type":"PropertyValueSpecification","valueRequired":true,"valueName":"search_term_string"}}],"inLanguage":"es"}]}},"_links":{"self":[{"href":"https:\/\/ekolurra.eus\/es\/wp-json\/wp\/v2\/pages\/16505","targetHints":{"allow":["GET"]}}],"collection":[{"href":"https:\/\/ekolurra.eus\/es\/wp-json\/wp\/v2\/pages"}],"about":[{"href":"https:\/\/ekolurra.eus\/es\/wp-json\/wp\/v2\/types\/page"}],"author":[{"embeddable":true,"href":"https:\/\/ekolurra.eus\/es\/wp-json\/wp\/v2\/users\/3"}],"replies":[{"embeddable":true,"href":"https:\/\/ekolurra.eus\/es\/wp-json\/wp\/v2\/comments?post=16505"}],"version-history":[{"count":7,"href":"https:\/\/ekolurra.eus\/es\/wp-json\/wp\/v2\/pages\/16505\/revisions"}],"predecessor-version":[{"id":16847,"href":"https:\/\/ekolurra.eus\/es\/wp-json\/wp\/v2\/pages\/16505\/revisions\/16847"}],"wp:attachment":[{"href":"https:\/\/ekolurra.eus\/es\/wp-json\/wp\/v2\/media?parent=16505"}],"curies":[{"name":"wp","href":"https:\/\/api.w.org\/{rel}","templated":true}]}}